{"id":519,"date":"2023-03-27T15:56:41","date_gmt":"2023-03-27T19:56:41","guid":{"rendered":"https:\/\/tituloix.uprrp.edu\/?page_id=519"},"modified":"2024-02-28T15:02:28","modified_gmt":"2024-02-28T19:02:28","slug":"opusculos-informativos","status":"publish","type":"page","link":"https:\/\/tituloix.uprrp.edu\/index.php\/opusculos-informativos\/","title":{"rendered":"Op\u00fasculos Informativos"},"content":{"rendered":"\t\t<div data-elementor-type=\"wp-page\" data-elementor-id=\"519\" class=\"elementor elementor-519\">\n\t\t\t\t\t\t<section class=\"elementor-section elementor-top-section elementor-element elementor-element-e58171e elementor-section-boxed elementor-section-height-default elementor-section-height-default\" data-id=\"e58171e\" data-element_type=\"section\" data-e-type=\"section\">\n\t\t\t\t\t\t<div class=\"elementor-container elementor-column-gap-default\">\n\t\t\t\t\t<div class=\"elementor-column elementor-col-100 elementor-top-column elementor-element elementor-element-69f194fa\" data-id=\"69f194fa\" data-element_type=\"column\" data-e-type=\"column\">\n\t\t\t<div class=\"elementor-widget-wrap elementor-element-populated\">\n\t\t\t\t\t\t<div class=\"elementor-element elementor-element-6e1ea613 elementor-widget elementor-widget-text-editor\" data-id=\"6e1ea613\" data-element_type=\"widget\" data-e-type=\"widget\" data-widget_type=\"text-editor.default\">\n\t\t\t\t<div class=\"elementor-widget-container\">\n\t\t\t\t\t\t\t\t\t<p><span style=\"text-decoration: underline;\"><b>Op\u00fasculos de la Oficina de T\u00edtulo IX:<\/b><\/span><\/p><ul><li><a href=\"https:\/\/tituloix.uprrp.edu\/wp-content\/uploads\/2024\/02\/Opusculo-de-Titulo-IX-1.pdf\">Op\u00fasculo de la Oficina de T\u00edtulo IX<\/a>\u00a0<\/li><li><a href=\"https:\/\/tituloix.uprrp.edu\/wp-content\/uploads\/2024\/02\/Opusculo-de-Categorias-Titulo-IX.pdf\">Op\u00fasculo sobre Categor\u00edas Protegidas Bajo el T\u00edtulo IX<\/a><\/li><li><a href=\"https:\/\/tituloix.uprrp.edu\/wp-content\/uploads\/2024\/02\/Opusculo-de-Medidas-Cautelares.pdf\">Op\u00fasculo sobre Medidas Cautelares\u00a0de T\u00edtulo IX<\/a><\/li><li><a href=\"https:\/\/tituloix.uprrp.edu\/wp-content\/uploads\/2024\/02\/Opusculo-Derechos-de-la-Comunidad-LGBTQIA.pdf\">Op\u00fasculo sobre Derechos de la Comunidad LGBTQIA+<\/a><\/li><li><a href=\"https:\/\/tituloix.uprrp.edu\/wp-content\/uploads\/2024\/02\/Opusculo-Derechos-de-las-Personas-Embarazadas.pdf\">Op\u00fasculo sobre Derechos de las Personas Embarazadas<\/a><\/li><li><a href=\"https:\/\/tituloix.uprrp.edu\/wp-content\/uploads\/2024\/02\/Opusculo-Procedimiento-para-Uso-de-Sala-de-Lactancia.pdf\">Op\u00fasculo sobre Procedimiento para Usos de Salas de Lactancia<\/a><\/li><li><a href=\"https:\/\/tituloix.uprrp.edu\/wp-content\/uploads\/2024\/02\/Requisitos-para-cuidos.pdf\">Op\u00fasculo sobre Requisitos para Centros de Cuido<\/a><\/li><li><a href=\"https:\/\/tituloix.uprrp.edu\/wp-content\/uploads\/2024\/02\/Opusculo-Informacion-de-Albergues.pdf\">Op\u00fasculo Informaci\u00f3n de Albergues<\/a><\/li><\/ul>\t\t\t\t\t\t\t\t<\/div>\n\t\t\t\t<\/div>\n\t\t\t\t\t<\/div>\n\t\t<\/div>\n\t\t\t\t\t<\/div>\n\t\t<\/section>\n\t\t\t\t<\/div>\n\t\t","protected":false},"excerpt":{"rendered":"<p>Op\u00fasculos de la Oficina de T\u00edtulo IX: Op\u00fasculo de la Oficina de T\u00edtulo IX\u00a0 Op\u00fasculo sobre Categor\u00edas Protegidas Bajo el T\u00edtulo IX Op\u00fasculo sobre Medidas Cautelares\u00a0de T\u00edtulo IX Op\u00fasculo sobre Derechos de la Comunidad LGBTQIA+ Op\u00fasculo sobre Derechos de las &hellip; <\/p>\n","protected":false},"author":1,"featured_media":0,"parent":0,"menu_order":0,"comment_status":"closed","ping_status":"closed","template":"","meta":{"footnotes":""},"class_list":["post-519","page","type-page","status-publish","hentry"],"_links":{"self":[{"href":"https:\/\/tituloix.uprrp.edu\/index.php\/wp-json\/wp\/v2\/pages\/519","targetHints":{"allow":["GET"]}}],"collection":[{"href":"https:\/\/tituloix.uprrp.edu\/index.php\/wp-json\/wp\/v2\/pages"}],"about":[{"href":"https:\/\/tituloix.uprrp.edu\/index.php\/wp-json\/wp\/v2\/types\/page"}],"author":[{"embeddable":true,"href":"https:\/\/tituloix.uprrp.edu\/index.php\/wp-json\/wp\/v2\/users\/1"}],"replies":[{"embeddable":true,"href":"https:\/\/tituloix.uprrp.edu\/index.php\/wp-json\/wp\/v2\/comments?post=519"}],"version-history":[{"count":90,"href":"https:\/\/tituloix.uprrp.edu\/index.php\/wp-json\/wp\/v2\/pages\/519\/revisions"}],"predecessor-version":[{"id":792,"href":"https:\/\/tituloix.uprrp.edu\/index.php\/wp-json\/wp\/v2\/pages\/519\/revisions\/792"}],"wp:attachment":[{"href":"https:\/\/tituloix.uprrp.edu\/index.php\/wp-json\/wp\/v2\/media?parent=519"}],"curies":[{"name":"wp","href":"https:\/\/api.w.org\/{rel}","templated":true}]}}