{"id":12,"date":"2015-11-02T15:13:56","date_gmt":"2015-11-02T19:13:56","guid":{"rendered":"http:\/\/tituloix.dv.rrp.campus\/wp\/?page_id=12"},"modified":"2024-02-14T11:31:25","modified_gmt":"2024-02-14T15:31:25","slug":"reglamentos-y-politicas","status":"publish","type":"page","link":"https:\/\/tituloix.uprrp.edu\/index.php\/reglamentos-y-politicas\/","title":{"rendered":"Reglamentos, Pol\u00edticas, Procedimientos y Formularios"},"content":{"rendered":"\t\t<div data-elementor-type=\"wp-page\" data-elementor-id=\"12\" class=\"elementor elementor-12\">\n\t\t\t\t\t\t<section class=\"elementor-section elementor-top-section elementor-element elementor-element-49c9285e elementor-section-boxed elementor-section-height-default elementor-section-height-default\" data-id=\"49c9285e\" data-element_type=\"section\" data-e-type=\"section\">\n\t\t\t\t\t\t<div class=\"elementor-container elementor-column-gap-default\">\n\t\t\t\t\t<div class=\"elementor-column elementor-col-100 elementor-top-column elementor-element elementor-element-2975f786\" data-id=\"2975f786\" data-element_type=\"column\" data-e-type=\"column\">\n\t\t\t<div class=\"elementor-widget-wrap elementor-element-populated\">\n\t\t\t\t\t\t<div class=\"elementor-element elementor-element-590fa16b elementor-widget elementor-widget-text-editor\" data-id=\"590fa16b\" data-element_type=\"widget\" data-e-type=\"widget\" data-widget_type=\"text-editor.default\">\n\t\t\t\t<div class=\"elementor-widget-container\">\n\t\t\t\t\t\t\t\t\t<ol><li><a href=\"https:\/\/tituloix.uprrp.edu\/wp-content\/uploads\/2022\/03\/cer.-107-2.pdf\">Pol\u00edtica y Procedimientos Para El Manejo De Situaciones De Discrimen Por Sexo o G\u00e9nero En La Universidad de Puerto Rico<\/a> (Certificaci\u00f3n 107 2021-2022, vigente a partir del 14 de abril de 2022)<\/li><li><a href=\"https:\/\/tituloix.uprrp.edu\/wp-content\/uploads\/2021\/08\/Cert-130-2014-2015.pdf\">Pol\u00edtica Institucional Contra el Hostigamiento Sexual en la Universidad de Puerto Rico (Certificaci\u00f3n 130 2014-2015) (Derogado, pero aplica a casos cuyos incidentes sucedieron previo al 14 de agosto de 2020)<\/a><\/li><li><a href=\"http:\/\/procuraduria.uprrp.edu\/wp-content\/uploads\/2015\/10\/Reglamento-General-de-Estudiantes-de-la-UPR.pdf\">Reglamento General de Estudiantes de la Universidad de Puerto Rico<\/a><\/li><li><a href=\"http:\/\/procuraduria.uprrp.edu\/wp-content\/uploads\/2015\/10\/Reglamento-de-Estudiantes-de-la-UPRRP.pdf\">Reglamento de Estudiantes del Recinto de R\u00edo Piedras<\/a><\/li><li><a href=\"http:\/\/procuraduria.uprrp.edu\/wp-content\/uploads\/2015\/10\/Reglamento-General-de-la-Universidad-de-Puerto-Rico.pdf\">Reglamento General de la Universidad de Puerto Rico<\/a><\/li><li><a href=\"https:\/\/tituloix.uprrp.edu\/wp-content\/uploads\/2018\/08\/Certificacion-40-2015-2016.pdf\" target=\"_blank\" rel=\"noopener\">Protocolo para la Prevenci\u00f3n y Manejo de Casos de Violencia Sexual en la UPR (Certificaci\u00f3n #140 2015-2016)<\/a><\/li><li><a href=\"https:\/\/tituloix.uprrp.edu\/wp-content\/uploads\/2018\/08\/Reglamento-Titulo-IX-del-Recinto-de-R\u00edo-Piedras.pdf\" target=\"_blank\" rel=\"noopener\">Reglamento T\u00edtulo IX del Recinto de R\u00edo Piedras\u00a0<\/a>(Derogado, pero aplica a casos previos al 14 de agosto de 2020)<\/li><li><a href=\"http:\/\/www.uprrp.edu\/wp-content\/uploads\/2019\/02\/Protocolo-Manejo-de-Inetrvencion-en-situaciones-violencia-domestica-violencia-entre-parejas-agresion-sexual.pdf\" target=\"_blank\" rel=\"noopener\">Protocolo para el manejo a intervenci\u00f3n en situaciones de violencia dom\u00e9stica, violencia entre parejas, agresi\u00f3n sexual y acecho del Recinto de R\u00edo Piedras<\/a><\/li><li><a href=\"https:\/\/tituloix.uprrp.edu\/wp-content\/uploads\/2015\/11\/Procedimiento-Lactancia_Aprobado-y-codificado.pdf\">Procedimiento para el uso de Instalaciones Designadas para la Lactancia y Extracci\u00f3n de Leche Materna<\/a><\/li><li><a href=\"https:\/\/de.rcm.upr.edu\/wp-content\/uploads\/sites\/13\/2020\/08\/Carta-de-Derechos-Estudiantes-Embarazadas.pdf\">Carta de Consideraciones y Derechos de la Estudiante Embarazada<\/a><\/li><li><a href=\"https:\/\/www.uprrp.edu\/2022\/11\/titulo-ix-y-politicas-institucionales-sobre-discrimen-por-razon-de-embarazo-y-condiciones-relacionadas\/?utm_source=rss&amp;utm_medium=rss&amp;utm_campaign=titulo-ix-y-politicas-institucionales-sobre-discrimen-por-razon-de-embarazo-y-condiciones-relacionadas#:~:text=La%20ley%20de%20T%C3%ADtulo%20IX,acad%C3%A9micas%20que%20reciben%20fondos%20federales.\">Carta Circular del 16 de noviembre de 2022: T\u00edtulo IX y Pol\u00edticas Institucionales sobre: discrimen por raz\u00f3n de embarazo y condiciones relacionadas<\/a><\/li><li><a href=\"https:\/\/tituloix.uprrp.edu\/wp-content\/uploads\/2021\/04\/R-2021-50-ANEJO-CERTIF-NUM-66-2020-2021-JG-PROT-INST-VIOLENCIA-DOMESTICA.pdf\" target=\"_blank\" rel=\"noopener\">Protocolo Institucional para Prevenci\u00f3n y Manejo Adecuado de Situaciones de Violencia Dom\u00e9stica en el Lugar de Trabajo, Certificaci\u00f3n N\u00fam. 66 (2020-2021)\u00a0<\/a><\/li><li><a href=\"https:\/\/drive.google.com\/file\/d\/1rx8qJkB7M8_KlPiGpEmq3u6rZBwr__Nu\/view?usp=sharing\" target=\"_blank\" rel=\"noopener\">Pol\u00edtica de Cumplimiento con Ley Federal Jeanne Clery<\/a><\/li><li><a href=\"https:\/\/www2.ed.gov\/admins\/lead\/safety\/cleryappendixfinal.pdf\" target=\"_blank\" rel=\"noopener\">Clery Act Appendix for FSA Handbook<\/a><\/li><li><a href=\"https:\/\/tituloix.uprrp.edu\/wp-content\/uploads\/2022\/02\/Lista-Puestos-que-caen-bajo-CSAs-Ley-Clery-Para-enlace-en-Protocolo-de-Seguridad-59-puestos.pdf\" target=\"_blank\" rel=\"noopener\">Lista de Puestos considerados Autoridades de Seguridad del Campus (CSA\u2019s) Bajo Ley Clery<\/a><\/li><li><a href=\"https:\/\/tituloix.uprrp.edu\/wp-content\/uploads\/2022\/01\/2021.11.03-Anejo-I-Listado-de-cotejo-CSAs.pdf\" target=\"_blank\" rel=\"noopener\">Lista de Cotejo para Autoridades de Seguridad del Campus (CSA\u2019s)<\/a><\/li><li><a href=\"https:\/\/tituloix.uprrp.edu\/wp-content\/uploads\/2021\/09\/Anejo-II-Formulario-estadistica-criminal.pdf\" target=\"_blank\" rel=\"noopener\">Formulario de estad\u00edstica criminal<\/a><\/li><li><a href=\"https:\/\/tituloix.uprrp.edu\/wp-content\/uploads\/2021\/09\/Anejo-III-formulario-confidencialidad.pdf\" target=\"_blank\" rel=\"noopener\">Formulario de confidencialidad<\/a><\/li><li><a href=\"https:\/\/www.uprrp.edu\/wp-content\/uploads\/2021\/09\/2021-09-28-Informe-Anual-de-Seguridad-e-Incendios-2021.pdf\" target=\"_blank\" rel=\"noopener\">Informe Anual de Seguridad e Incendios A\u00f1o 2021<\/a><\/li><li><a href=\"https:\/\/tituloix.uprrp.edu\/wp-content\/uploads\/2023\/03\/Anejo-2-FORMULARIO-DE-QUEJA-VIOLACION-TITULO-IX-rev.2022.pdf\">Formulario de Queja Por Violaciones al T\u00edtulo IX<\/a><\/li><li><a href=\"https:\/\/tituloix.uprrp.edu\/wp-content\/uploads\/2023\/03\/Formulario-de-Hallazgos-para-Orientacion-de-TIX.pdf\">Formulario de Hallazgos para Orientaci\u00f3n de TIX<\/a><\/li><li><a href=\"https:\/\/procuraduria.uprrp.edu\/wp-content\/uploads\/2017\/06\/Plan-de-Trabajo-para-el-Cumplimiento-con-la-Reglamentaci%C3%B3n-para-Estudiantes-Transg%C3%A9nero-Certificaci%C3%B3n-N%C3%BAm.-56-2016-2017-Junta-de-Gobierno.pdf\">PLAN DE TRABAJO PARA EL CUMPLIMIENTO CON LA REGLAMENTACI\u00d3N SOBRE ESTUDIANTES TRANSG\u00c9NERO<\/a> (Cert. 56 2016-2017)<\/li><li><a href=\"https:\/\/tituloix.uprrp.edu\/wp-content\/uploads\/2022\/07\/R-2122-76-RECONOCIMIENTO-DE-NOMBRE-ESCOGIDO-POR-ESTUDIANTES-TRANSGE%CC%81NERO-Y-NO-BINAROS-DEL-SISTEMA-UNIVERSITARIO.pdf\">Reconocimiento de Nombre Escogido Por Estudiantes Transg\u00e9neros y No binarios del Sistema Universitario (Seriado R-2122-76 del 30 de junio de 2022)<\/a><ul><li><a href=\"https:\/\/www.uprrp.edu\/2022\/07\/reconocimiento-de-nombre-escogido-por-estudiantes-transgenero-y-no-binarios-del-recinto-de-rio-piedras\/\">Carta Circular N\u00fam. 1, A\u00f1o Acad\u00e9mico 2022-2023 RECONOCIMIENTO DE NOMBRE ESCOGIDO POR ESTUDIANTES TRANSG\u00c9NERO Y NO BINARIOS DEL RECINTO DE R\u00cdO PIEDRAS<\/a><\/li><\/ul><\/li><li><a href=\"https:\/\/tituloix.uprrp.edu\/wp-content\/uploads\/2022\/08\/Fillable-Form-Solicitud-de-Reconocimiento-de-Nombre-escogido-2022-1.pdf\">Formulario de Solicitud de Reconocimiento de Nombre y G\u00e9nero Escogido para Estudiantes Transg\u00e9neros y No Binarios<\/a><\/li><li>\u00a0<a href=\"https:\/\/tituloix.uprrp.edu\/wp-content\/uploads\/2024\/02\/26506-1.pdf\">Protocolo para el Reconocimiento del Nombre Escogido por Estudiantes de Experiencia Trans y No Binaria de la Universidad de Puerto Rico<\/a><\/li><li><a href=\"https:\/\/tituloix.uprrp.edu\/wp-content\/uploads\/2024\/02\/20240214095430818.pdf\">Anejo I &#8211; Solicitud de Reconocimiento del Nombre Escogido en los Sistemas de Informaci\u00f3n Universitarios<\/a><\/li><\/ol>\t\t\t\t\t\t\t\t<\/div>\n\t\t\t\t<\/div>\n\t\t\t\t\t<\/div>\n\t\t<\/div>\n\t\t\t\t\t<\/div>\n\t\t<\/section>\n\t\t\t\t<\/div>\n\t\t","protected":false},"excerpt":{"rendered":"<p>Pol\u00edtica y Procedimientos Para El Manejo De Situaciones De Discrimen Por Sexo o G\u00e9nero En La Universidad de Puerto Rico (Certificaci\u00f3n 107 2021-2022, vigente a partir del 14 de abril de 2022) Pol\u00edtica Institucional Contra el Hostigamiento Sexual en la &hellip; <\/p>\n","protected":false},"author":1,"featured_media":0,"parent":0,"menu_order":0,"comment_status":"closed","ping_status":"closed","template":"","meta":{"footnotes":""},"class_list":["post-12","page","type-page","status-publish","hentry"],"_links":{"self":[{"href":"https:\/\/tituloix.uprrp.edu\/index.php\/wp-json\/wp\/v2\/pages\/12","targetHints":{"allow":["GET"]}}],"collection":[{"href":"https:\/\/tituloix.uprrp.edu\/index.php\/wp-json\/wp\/v2\/pages"}],"about":[{"href":"https:\/\/tituloix.uprrp.edu\/index.php\/wp-json\/wp\/v2\/types\/page"}],"author":[{"embeddable":true,"href":"https:\/\/tituloix.uprrp.edu\/index.php\/wp-json\/wp\/v2\/users\/1"}],"replies":[{"embeddable":true,"href":"https:\/\/tituloix.uprrp.edu\/index.php\/wp-json\/wp\/v2\/comments?post=12"}],"version-history":[{"count":64,"href":"https:\/\/tituloix.uprrp.edu\/index.php\/wp-json\/wp\/v2\/pages\/12\/revisions"}],"predecessor-version":[{"id":731,"href":"https:\/\/tituloix.uprrp.edu\/index.php\/wp-json\/wp\/v2\/pages\/12\/revisions\/731"}],"wp:attachment":[{"href":"https:\/\/tituloix.uprrp.edu\/index.php\/wp-json\/wp\/v2\/media?parent=12"}],"curies":[{"name":"wp","href":"https:\/\/api.w.org\/{rel}","templated":true}]}}